{"id":4111,"date":"2020-06-22T14:07:11","date_gmt":"2020-06-22T12:07:11","guid":{"rendered":"https:\/\/poterie-savoyarde.com\/champetre\/"},"modified":"2020-07-02T09:25:17","modified_gmt":"2020-07-02T07:25:17","slug":"champetre","status":"publish","type":"page","link":"https:\/\/poterie-savoyarde.com\/en\/champetre\/","title":{"rendered":"Champ\u00eatre"},"content":{"rendered":"<section class=\"wpb-content-wrapper\"><p>[vc_row][vc_column][vc_images_carousel images=&#8221;4112,4114,4115&#8243; img_size=&#8221;full&#8221; speed=&#8221;3000&#8243; autoplay=&#8221;yes&#8221; hide_pagination_control=&#8221;yes&#8221; wrap=&#8221;yes&#8221;][vc_empty_space height=&#8221;20px&#8221;][\/vc_column][\/vc_row][vc_row css=&#8221;.vc_custom_1592561114852{padding-top: 50px !important;padding-bottom: 50px !important;}&#8221;][vc_column width=&#8221;2\/3&#8243;]<div class=\"eltdf-section-title-holder  \" style=\"text-align: left\">\n\t<div class=\"eltdf-st-inner\">\n\t\t\t\t\t<h2 class=\"eltdf-st-title\" style=\"color: #000000\">\n\t\t\t\tCollection <span class=\"eltdf-st-title-bold\">Champ\u00eatre<\/span>\t\t\t<\/h2>\n\t\t\t\t\t<\/div>\n<\/div>[vc_empty_space height=&#8221;20px&#8221;][vc_separator border_width=&#8221;2&#8243; css=&#8221;.vc_custom_1593526257252{background-color: #bf9c79 !important;}&#8221;][vc_empty_space height=&#8221;20px&#8221;][vc_column_text]Sophie and Jean potters from our mountains make their Savoyard pottery entirely by hand in the tradition.They prepare their clay, turn and turn it.\u00a0Then comes the time for drying before coating.\u00a0Then Sophie decorates all the pieces with pears.<br \/>\nThere is the first firing phase followed by enameling, and, in order to reveal all the colors, the pottery will be fired a second time.<\/p>\n<p><strong>That\u2019s how the magic happens!<\/strong><\/p>\n<p>They shape bowls, pitchers of all sizes, salad bowls, coffee glasses with floral decorations. You will appreciate using them daily.<\/p>\n<p><strong>Come and discover them!<\/strong>[\/vc_column_text][\/vc_column][vc_column width=&#8221;1\/3&#8243; css=&#8221;.vc_custom_1593525986669{background-image: url(https:\/\/poterie-savoyarde.com\/wp-content\/uploads\/2020\/06\/background-matiere-poteries.jpg?id=4293) !important;}&#8221;][vc_single_image image=&#8221;4371&#8243; alignment=&#8221;center&#8221;][vc_column_text]<\/p>\n<p style=\"text-align: center;\">TYPICAL SAVOYARD SHAPES, COLORS AND PATTERNS!<\/p>\n<p>[\/vc_column_text][vc_empty_space height=&#8221;25px&#8221;][vc_single_image image=&#8221;4374&#8243; alignment=&#8221;center&#8221;][vc_empty_space height=&#8221;25px&#8221;][vc_btn title=&#8221;CONTACT&#8221; style=&#8221;classic&#8221; color=&#8221;chino&#8221; align=&#8221;center&#8221; link=&#8221;url:https%3A%2F%2Fpoterie-savoyarde.com%2Fen%2Fpoteries%2F|||&#8221;][\/vc_column][\/vc_row][vc_row content_text_aligment=&#8221;center&#8221;][vc_column width=&#8221;1\/3&#8243;]    <span class=\"eltdf-icon-shortcode eltdf-normal    eltdf-icon-medium\"  data-hover-color=\"#000000\" data-color=\"#000000\">\n        <span class=\"eltdf-icon-bckg-holder\" ><\/span>\n                    <a itemprop=\"url\" class=\"\" href=\"https:\/\/poterie-savoyarde.com\/en\/collection-campagnard\/\" target=\"_self\">\n                    <i class=\"eltdf-icon-font-awesome fa fa-angle-left eltdf-icon-element\" style=\"color: #000000\" ><\/i>                            <\/a>\n            <\/span>\n[vc_empty_space height=&#8221;20px&#8221;][\/vc_column][vc_column width=&#8221;1\/3&#8243;][vc_icon type=&#8221;typicons&#8221; icon_typicons=&#8221;typcn typcn-th-small&#8221; color=&#8221;black&#8221; align=&#8221;center&#8221; link=&#8221;url:https%3A%2F%2Fpoterie-savoyarde.com%2Fen%2Fpoteries%2F|||&#8221;][vc_empty_space height=&#8221;20px&#8221;][\/vc_column][vc_column width=&#8221;1\/3&#8243;]    <span class=\"eltdf-icon-shortcode eltdf-normal    eltdf-icon-medium\"  data-hover-color=\"#000000\" data-color=\"#000000\">\n        <span class=\"eltdf-icon-bckg-holder\" ><\/span>\n                    <a itemprop=\"url\" class=\"\" href=\"https:\/\/poterie-savoyarde.com\/en\/convivial\/\" target=\"_self\">\n                    <i class=\"eltdf-icon-font-awesome fa fa-angle-right eltdf-icon-element\" style=\"color: #000000\" ><\/i>                            <\/a>\n            <\/span>\n[vc_empty_space height=&#8221;20px&#8221;][\/vc_column][\/vc_row]<\/p>\n<\/section>","protected":false},"excerpt":{"rendered":"<p>[vc_row][vc_column][vc_images_carousel images=&#8221;4112,4114,4115&#8243; img_size=&#8221;full&#8221; speed=&#8221;3000&#8243; autoplay=&#8221;yes&#8221; hide_pagination_control=&#8221;yes&#8221; wrap=&#8221;yes&#8221;][vc_empty_space height=&#8221;20px&#8221;][\/vc_column][\/vc_row][vc_row css=&#8221;.vc_custom_1592561114852{padding-top: 50px !important;padding-bottom: 50px !important;}&#8221;][vc_column width=&#8221;2\/3&#8243;][vc_empty_space height=&#8221;20px&#8221;][vc_separator border_width=&#8221;2&#8243; css=&#8221;.vc_custom_1593526257252{background-color: #bf9c79 !important;}&#8221;][vc_empty_space height=&#8221;20px&#8221;][vc_column_text]Sophie and Jean potters from our mountains make their Savoyard pottery entirely by hand in the tradition.They prepare their clay, turn and turn it.\u00a0Then comes the time for drying before coating.\u00a0Then Sophie decorates all the pieces with pears. There is the first firing phase followed by enameling, and, in order to reveal all [&hellip;]<\/p>\n","protected":false},"author":1,"featured_media":0,"parent":0,"menu_order":0,"comment_status":"closed","ping_status":"closed","template":"","meta":{"footnotes":""},"class_list":["post-4111","page","type-page","status-publish","hentry"],"yoast_head":"<!-- This site is optimized with the Yoast SEO plugin v26.9 - https:\/\/yoast.com\/product\/yoast-seo-wordpress\/ -->\n<title>Poterie Savoyarde - Le Tetras - Champ\u00eatre<\/title>\n<meta name=\"description\" content=\"D\u00e9couvrez la collection de poterie &quot;Champ\u00eatre&quot; dans le magasin Le Tetras \u00e0 Annecy. Poteries aux formes, d\u00e9cors et couleurs traditionnellement savoyards donnerons de la joie, de l&#039;\u00e9l\u00e9gance et de l&#039;authenticit\u00e9 \u00e0 vos tables !\" \/>\n<meta name=\"robots\" content=\"index, follow, max-snippet:-1, max-image-preview:large, max-video-preview:-1\" \/>\n<link rel=\"canonical\" href=\"https:\/\/poterie-savoyarde.com\/en\/champetre\/\" \/>\n<meta property=\"og:locale\" content=\"en_US\" \/>\n<meta property=\"og:type\" content=\"article\" \/>\n<meta property=\"og:title\" content=\"Poterie Savoyarde - Le Tetras - Champ\u00eatre\" \/>\n<meta property=\"og:description\" content=\"D\u00e9couvrez la collection de poterie &quot;Champ\u00eatre&quot; dans le magasin Le Tetras \u00e0 Annecy. Poteries aux formes, d\u00e9cors et couleurs traditionnellement savoyards donnerons de la joie, de l&#039;\u00e9l\u00e9gance et de l&#039;authenticit\u00e9 \u00e0 vos tables !\" \/>\n<meta property=\"og:url\" content=\"https:\/\/poterie-savoyarde.com\/en\/champetre\/\" \/>\n<meta property=\"og:site_name\" content=\"Le Tetras\" \/>\n<meta property=\"article:modified_time\" content=\"2020-07-02T07:25:17+00:00\" \/>\n<meta name=\"twitter:card\" content=\"summary_large_image\" \/>\n<meta name=\"twitter:label1\" content=\"Est. reading time\" \/>\n\t<meta name=\"twitter:data1\" content=\"2 minutes\" \/>\n<script type=\"application\/ld+json\" class=\"yoast-schema-graph\">{\"@context\":\"https:\/\/schema.org\",\"@graph\":[{\"@type\":\"WebPage\",\"@id\":\"https:\/\/poterie-savoyarde.com\/en\/champetre\/\",\"url\":\"https:\/\/poterie-savoyarde.com\/en\/champetre\/\",\"name\":\"Poterie Savoyarde - Le Tetras - Champ\u00eatre\",\"isPartOf\":{\"@id\":\"https:\/\/poterie-savoyarde.com\/#website\"},\"datePublished\":\"2020-06-22T12:07:11+00:00\",\"dateModified\":\"2020-07-02T07:25:17+00:00\",\"description\":\"D\u00e9couvrez la collection de poterie \\\"Champ\u00eatre\\\" dans le magasin Le Tetras \u00e0 Annecy. Poteries aux formes, d\u00e9cors et couleurs traditionnellement savoyards donnerons de la joie, de l'\u00e9l\u00e9gance et de l'authenticit\u00e9 \u00e0 vos tables !\",\"breadcrumb\":{\"@id\":\"https:\/\/poterie-savoyarde.com\/en\/champetre\/#breadcrumb\"},\"inLanguage\":\"en-US\",\"potentialAction\":[{\"@type\":\"ReadAction\",\"target\":[\"https:\/\/poterie-savoyarde.com\/en\/champetre\/\"]}]},{\"@type\":\"BreadcrumbList\",\"@id\":\"https:\/\/poterie-savoyarde.com\/en\/champetre\/#breadcrumb\",\"itemListElement\":[{\"@type\":\"ListItem\",\"position\":1,\"name\":\"Accueil\",\"item\":\"https:\/\/poterie-savoyarde.com\/en\/\"},{\"@type\":\"ListItem\",\"position\":2,\"name\":\"Champ\u00eatre\"}]},{\"@type\":\"WebSite\",\"@id\":\"https:\/\/poterie-savoyarde.com\/#website\",\"url\":\"https:\/\/poterie-savoyarde.com\/\",\"name\":\"Le Tetras\",\"description\":\"Poterie Savoyarde \u00e0 Annecy\",\"publisher\":{\"@id\":\"https:\/\/poterie-savoyarde.com\/#organization\"},\"potentialAction\":[{\"@type\":\"SearchAction\",\"target\":{\"@type\":\"EntryPoint\",\"urlTemplate\":\"https:\/\/poterie-savoyarde.com\/?s={search_term_string}\"},\"query-input\":{\"@type\":\"PropertyValueSpecification\",\"valueRequired\":true,\"valueName\":\"search_term_string\"}}],\"inLanguage\":\"en-US\"},{\"@type\":\"Organization\",\"@id\":\"https:\/\/poterie-savoyarde.com\/#organization\",\"name\":\"LE TETRAS\",\"url\":\"https:\/\/poterie-savoyarde.com\/\",\"logo\":{\"@type\":\"ImageObject\",\"inLanguage\":\"en-US\",\"@id\":\"https:\/\/poterie-savoyarde.com\/#\/schema\/logo\/image\/\",\"url\":\"https:\/\/poterie-savoyarde.com\/wp-content\/uploads\/2020\/06\/tetras-mobile-200-1.png\",\"contentUrl\":\"https:\/\/poterie-savoyarde.com\/wp-content\/uploads\/2020\/06\/tetras-mobile-200-1.png\",\"width\":200,\"height\":156,\"caption\":\"LE TETRAS\"},\"image\":{\"@id\":\"https:\/\/poterie-savoyarde.com\/#\/schema\/logo\/image\/\"}}]}<\/script>\n<!-- \/ Yoast SEO plugin. -->","yoast_head_json":{"title":"Poterie Savoyarde - Le Tetras - Champ\u00eatre","description":"D\u00e9couvrez la collection de poterie \"Champ\u00eatre\" dans le magasin Le Tetras \u00e0 Annecy. Poteries aux formes, d\u00e9cors et couleurs traditionnellement savoyards donnerons de la joie, de l'\u00e9l\u00e9gance et de l'authenticit\u00e9 \u00e0 vos tables !","robots":{"index":"index","follow":"follow","max-snippet":"max-snippet:-1","max-image-preview":"max-image-preview:large","max-video-preview":"max-video-preview:-1"},"canonical":"https:\/\/poterie-savoyarde.com\/en\/champetre\/","og_locale":"en_US","og_type":"article","og_title":"Poterie Savoyarde - Le Tetras - Champ\u00eatre","og_description":"D\u00e9couvrez la collection de poterie \"Champ\u00eatre\" dans le magasin Le Tetras \u00e0 Annecy. Poteries aux formes, d\u00e9cors et couleurs traditionnellement savoyards donnerons de la joie, de l'\u00e9l\u00e9gance et de l'authenticit\u00e9 \u00e0 vos tables !","og_url":"https:\/\/poterie-savoyarde.com\/en\/champetre\/","og_site_name":"Le Tetras","article_modified_time":"2020-07-02T07:25:17+00:00","twitter_card":"summary_large_image","twitter_misc":{"Est. reading time":"2 minutes"},"schema":{"@context":"https:\/\/schema.org","@graph":[{"@type":"WebPage","@id":"https:\/\/poterie-savoyarde.com\/en\/champetre\/","url":"https:\/\/poterie-savoyarde.com\/en\/champetre\/","name":"Poterie Savoyarde - Le Tetras - Champ\u00eatre","isPartOf":{"@id":"https:\/\/poterie-savoyarde.com\/#website"},"datePublished":"2020-06-22T12:07:11+00:00","dateModified":"2020-07-02T07:25:17+00:00","description":"D\u00e9couvrez la collection de poterie \"Champ\u00eatre\" dans le magasin Le Tetras \u00e0 Annecy. Poteries aux formes, d\u00e9cors et couleurs traditionnellement savoyards donnerons de la joie, de l'\u00e9l\u00e9gance et de l'authenticit\u00e9 \u00e0 vos tables !","breadcrumb":{"@id":"https:\/\/poterie-savoyarde.com\/en\/champetre\/#breadcrumb"},"inLanguage":"en-US","potentialAction":[{"@type":"ReadAction","target":["https:\/\/poterie-savoyarde.com\/en\/champetre\/"]}]},{"@type":"BreadcrumbList","@id":"https:\/\/poterie-savoyarde.com\/en\/champetre\/#breadcrumb","itemListElement":[{"@type":"ListItem","position":1,"name":"Accueil","item":"https:\/\/poterie-savoyarde.com\/en\/"},{"@type":"ListItem","position":2,"name":"Champ\u00eatre"}]},{"@type":"WebSite","@id":"https:\/\/poterie-savoyarde.com\/#website","url":"https:\/\/poterie-savoyarde.com\/","name":"Le Tetras","description":"Poterie Savoyarde \u00e0 Annecy","publisher":{"@id":"https:\/\/poterie-savoyarde.com\/#organization"},"potentialAction":[{"@type":"SearchAction","target":{"@type":"EntryPoint","urlTemplate":"https:\/\/poterie-savoyarde.com\/?s={search_term_string}"},"query-input":{"@type":"PropertyValueSpecification","valueRequired":true,"valueName":"search_term_string"}}],"inLanguage":"en-US"},{"@type":"Organization","@id":"https:\/\/poterie-savoyarde.com\/#organization","name":"LE TETRAS","url":"https:\/\/poterie-savoyarde.com\/","logo":{"@type":"ImageObject","inLanguage":"en-US","@id":"https:\/\/poterie-savoyarde.com\/#\/schema\/logo\/image\/","url":"https:\/\/poterie-savoyarde.com\/wp-content\/uploads\/2020\/06\/tetras-mobile-200-1.png","contentUrl":"https:\/\/poterie-savoyarde.com\/wp-content\/uploads\/2020\/06\/tetras-mobile-200-1.png","width":200,"height":156,"caption":"LE TETRAS"},"image":{"@id":"https:\/\/poterie-savoyarde.com\/#\/schema\/logo\/image\/"}}]}},"_links":{"self":[{"href":"https:\/\/poterie-savoyarde.com\/en\/wp-json\/wp\/v2\/pages\/4111","targetHints":{"allow":["GET"]}}],"collection":[{"href":"https:\/\/poterie-savoyarde.com\/en\/wp-json\/wp\/v2\/pages"}],"about":[{"href":"https:\/\/poterie-savoyarde.com\/en\/wp-json\/wp\/v2\/types\/page"}],"author":[{"embeddable":true,"href":"https:\/\/poterie-savoyarde.com\/en\/wp-json\/wp\/v2\/users\/1"}],"replies":[{"embeddable":true,"href":"https:\/\/poterie-savoyarde.com\/en\/wp-json\/wp\/v2\/comments?post=4111"}],"version-history":[{"count":0,"href":"https:\/\/poterie-savoyarde.com\/en\/wp-json\/wp\/v2\/pages\/4111\/revisions"}],"wp:attachment":[{"href":"https:\/\/poterie-savoyarde.com\/en\/wp-json\/wp\/v2\/media?parent=4111"}],"curies":[{"name":"wp","href":"https:\/\/api.w.org\/{rel}","templated":true}]}}