{"id":4065,"date":"2020-06-22T14:14:17","date_gmt":"2020-06-22T12:14:17","guid":{"rendered":"https:\/\/poterie-savoyarde.com\/alpage\/"},"modified":"2020-07-01T14:25:09","modified_gmt":"2020-07-01T12:25:09","slug":"alpage","status":"publish","type":"page","link":"https:\/\/poterie-savoyarde.com\/en\/alpage\/","title":{"rendered":"Alpage"},"content":{"rendered":"<section class=\"wpb-content-wrapper\"><p>[vc_row][vc_column][vc_images_carousel images=&#8221;4066,4395&#8243; img_size=&#8221;full&#8221; speed=&#8221;3000&#8243; autoplay=&#8221;yes&#8221; hide_pagination_control=&#8221;yes&#8221; wrap=&#8221;yes&#8221;][vc_empty_space height=&#8221;20px&#8221;][\/vc_column][\/vc_row][vc_row row_content_width=&#8221;grid&#8221; css=&#8221;.vc_custom_1593519644285{padding-top: 50px !important;padding-bottom: 50px !important;}&#8221;][vc_column width=&#8221;2\/3&#8243; css=&#8221;.vc_custom_1593512459888{padding-bottom: 20px !important;}&#8221;]<div class=\"eltdf-section-title-holder  \" style=\"text-align: left\">\n\t<div class=\"eltdf-st-inner\">\n\t\t\t\t\t<h2 class=\"eltdf-st-title\" style=\"color: #000000\">\n\t\t\t\tCollection <span class=\"eltdf-st-title-bold\">Alpage<\/span>\t\t\t<\/h2>\n\t\t\t\t\t<\/div>\n<\/div>[vc_empty_space height=&#8221;20&#8243;][vc_separator border_width=&#8221;2&#8243; css=&#8221;.vc_custom_1593523634078{background-color: #bf9c79 !important;}&#8221;][vc_empty_space height=&#8221;20&#8243;][vc_column_text]Louis and Anna in their ceramic workshop offer us collections with bouquets of Savoyard edelweiss.<\/p>\n<p>They use slips with color-rich pigments.<\/p>\n<p>The very colorful collections are suggestive and full of life!<\/p>\n<p>All these potteries are handmade. Anna will never forget to leave on each piece a unique detail. She decorates by hand using a barrel. This manual craft requires a great know-how!<\/p>\n<p><strong>You will find at the Tetras everything to brighten up your tables.<\/strong>[\/vc_column_text][\/vc_column][vc_column width=&#8221;1\/3&#8243; css=&#8221;.vc_custom_1593523209386{background-image: url(https:\/\/poterie-savoyarde.com\/wp-content\/uploads\/2020\/06\/background-matiere-poteries.jpg?id=4293) !important;}&#8221;][vc_single_image image=&#8221;4368&#8243; img_size=&#8221;medium&#8221; alignment=&#8221;center&#8221;][vc_column_text]<\/p>\n<h5 class=\"eltdf-iwt-title\" style=\"text-align: center;\"><span class=\"eltdf-iwt-title-text\">\u00a0 THE EDELWEISS<\/span><\/h5>\n<p id=\"tw-target-text\" class=\"tw-data-text tw-text-large XcVN5d tw-ta\" dir=\"ltr\" style=\"text-align: center;\" data-placeholder=\"Traduction\"><strong><span lang=\"en\">Famous flower of our mountains !<br \/>\n<\/span><span lang=\"en\">And typical Savoy decor !<\/span><\/strong><\/p>\n<p>[\/vc_column_text][vc_empty_space height=&#8221;25&#8243;][vc_single_image image=&#8221;4374&#8243; alignment=&#8221;center&#8221;][vc_empty_space height=&#8221;25&#8243;][vc_btn title=&#8221;CONTACT&#8221; style=&#8221;classic&#8221; color=&#8221;chino&#8221; align=&#8221;center&#8221; link=&#8221;url:https%3A%2F%2Fpoterie-savoyarde.com%2Fen%2Fcontact%2F|||&#8221;][\/vc_column][\/vc_row][vc_row content_text_aligment=&#8221;center&#8221; el_class=&#8221;boite&#8221; css=&#8221;.vc_custom_1593512347769{border-radius: 3px !important;}&#8221;][vc_column width=&#8221;1\/3&#8243;]    <span class=\"eltdf-icon-shortcode eltdf-normal    eltdf-icon-medium\"  data-hover-color=\"#000000\" data-color=\"#000000\">\n        <span class=\"eltdf-icon-bckg-holder\" ><\/span>\n                    <a itemprop=\"url\" class=\"\" href=\"https:\/\/poterie-savoyarde.com\/en\/utile\/\" target=\"_self\">\n                    <i class=\"eltdf-icon-font-awesome fa fa-angle-left eltdf-icon-element\" style=\"color: #000000\" ><\/i>                            <\/a>\n            <\/span>\n[vc_empty_space height=&#8221;20px&#8221;][\/vc_column][vc_column width=&#8221;1\/3&#8243;][vc_icon type=&#8221;typicons&#8221; icon_typicons=&#8221;typcn typcn-th-small&#8221; color=&#8221;black&#8221; align=&#8221;center&#8221; link=&#8221;url:https%3A%2F%2Fpoterie-savoyarde.com%2Fen%2Fpoteries%2F|||&#8221;][vc_empty_space height=&#8221;20px&#8221;][\/vc_column][vc_column width=&#8221;1\/3&#8243;]    <span class=\"eltdf-icon-shortcode eltdf-normal    eltdf-icon-medium\"  data-hover-color=\"#000000\" data-color=\"#000000\">\n        <span class=\"eltdf-icon-bckg-holder\" ><\/span>\n                    <a itemprop=\"url\" class=\"\" href=\"https:\/\/poterie-savoyarde.com\/en\/authentique\/\" target=\"_self\">\n                    <i class=\"eltdf-icon-font-awesome fa fa-angle-right eltdf-icon-element\" style=\"color: #000000\" ><\/i>                            <\/a>\n            <\/span>\n[vc_empty_space height=&#8221;20px&#8221;][\/vc_column][\/vc_row]<\/p>\n<\/section>","protected":false},"excerpt":{"rendered":"<p>[vc_row][vc_column][vc_images_carousel images=&#8221;4066,4395&#8243; img_size=&#8221;full&#8221; speed=&#8221;3000&#8243; autoplay=&#8221;yes&#8221; hide_pagination_control=&#8221;yes&#8221; wrap=&#8221;yes&#8221;][vc_empty_space height=&#8221;20px&#8221;][\/vc_column][\/vc_row][vc_row row_content_width=&#8221;grid&#8221; css=&#8221;.vc_custom_1593519644285{padding-top: 50px !important;padding-bottom: 50px !important;}&#8221;][vc_column width=&#8221;2\/3&#8243; css=&#8221;.vc_custom_1593512459888{padding-bottom: 20px !important;}&#8221;][vc_empty_space height=&#8221;20&#8243;][vc_separator border_width=&#8221;2&#8243; css=&#8221;.vc_custom_1593523634078{background-color: #bf9c79 !important;}&#8221;][vc_empty_space height=&#8221;20&#8243;][vc_column_text]Louis and Anna in their ceramic workshop offer us collections with bouquets of Savoyard edelweiss. They use slips with color-rich pigments. The very colorful collections are suggestive and full of life! All these potteries are handmade. Anna will never forget to leave on each piece a unique detail. She [&hellip;]<\/p>\n","protected":false},"author":1,"featured_media":0,"parent":0,"menu_order":0,"comment_status":"closed","ping_status":"closed","template":"","meta":{"footnotes":""},"class_list":["post-4065","page","type-page","status-publish","hentry"],"yoast_head":"<!-- This site is optimized with the Yoast SEO plugin v26.9 - https:\/\/yoast.com\/product\/yoast-seo-wordpress\/ -->\n<title>Poterie Savoyarde - Le Tetras - Alpage<\/title>\n<meta name=\"description\" content=\"D\u00e9couvrez la collection de poterie &quot;Alpage&quot; dans le magasin Le Tetras \u00e0 Annecy. Poteries aux formes, d\u00e9cors et couleurs traditionnellement savoyards donnerons de la joie, de l&#039;\u00e9l\u00e9gance et de l&#039;authenticit\u00e9 \u00e0 vos tables !\" \/>\n<meta name=\"robots\" content=\"index, follow, max-snippet:-1, max-image-preview:large, max-video-preview:-1\" \/>\n<link rel=\"canonical\" href=\"https:\/\/poterie-savoyarde.com\/en\/alpage\/\" \/>\n<meta property=\"og:locale\" content=\"en_US\" \/>\n<meta property=\"og:type\" content=\"article\" \/>\n<meta property=\"og:title\" content=\"Poterie Savoyarde - Le Tetras - Alpage\" \/>\n<meta property=\"og:description\" content=\"D\u00e9couvrez la collection de poterie &quot;Alpage&quot; dans le magasin Le Tetras \u00e0 Annecy. Poteries aux formes, d\u00e9cors et couleurs traditionnellement savoyards donnerons de la joie, de l&#039;\u00e9l\u00e9gance et de l&#039;authenticit\u00e9 \u00e0 vos tables !\" \/>\n<meta property=\"og:url\" content=\"https:\/\/poterie-savoyarde.com\/en\/alpage\/\" \/>\n<meta property=\"og:site_name\" content=\"Le Tetras\" \/>\n<meta property=\"article:modified_time\" content=\"2020-07-01T12:25:09+00:00\" \/>\n<meta name=\"twitter:card\" content=\"summary_large_image\" \/>\n<meta name=\"twitter:label1\" content=\"Est. reading time\" \/>\n\t<meta name=\"twitter:data1\" content=\"2 minutes\" \/>\n<script type=\"application\/ld+json\" class=\"yoast-schema-graph\">{\"@context\":\"https:\/\/schema.org\",\"@graph\":[{\"@type\":\"WebPage\",\"@id\":\"https:\/\/poterie-savoyarde.com\/en\/alpage\/\",\"url\":\"https:\/\/poterie-savoyarde.com\/en\/alpage\/\",\"name\":\"Poterie Savoyarde - Le Tetras - Alpage\",\"isPartOf\":{\"@id\":\"https:\/\/poterie-savoyarde.com\/#website\"},\"datePublished\":\"2020-06-22T12:14:17+00:00\",\"dateModified\":\"2020-07-01T12:25:09+00:00\",\"description\":\"D\u00e9couvrez la collection de poterie \\\"Alpage\\\" dans le magasin Le Tetras \u00e0 Annecy. Poteries aux formes, d\u00e9cors et couleurs traditionnellement savoyards donnerons de la joie, de l'\u00e9l\u00e9gance et de l'authenticit\u00e9 \u00e0 vos tables !\",\"breadcrumb\":{\"@id\":\"https:\/\/poterie-savoyarde.com\/en\/alpage\/#breadcrumb\"},\"inLanguage\":\"en-US\",\"potentialAction\":[{\"@type\":\"ReadAction\",\"target\":[\"https:\/\/poterie-savoyarde.com\/en\/alpage\/\"]}]},{\"@type\":\"BreadcrumbList\",\"@id\":\"https:\/\/poterie-savoyarde.com\/en\/alpage\/#breadcrumb\",\"itemListElement\":[{\"@type\":\"ListItem\",\"position\":1,\"name\":\"Accueil\",\"item\":\"https:\/\/poterie-savoyarde.com\/en\/\"},{\"@type\":\"ListItem\",\"position\":2,\"name\":\"Alpage\"}]},{\"@type\":\"WebSite\",\"@id\":\"https:\/\/poterie-savoyarde.com\/#website\",\"url\":\"https:\/\/poterie-savoyarde.com\/\",\"name\":\"Le Tetras\",\"description\":\"Poterie Savoyarde \u00e0 Annecy\",\"publisher\":{\"@id\":\"https:\/\/poterie-savoyarde.com\/#organization\"},\"potentialAction\":[{\"@type\":\"SearchAction\",\"target\":{\"@type\":\"EntryPoint\",\"urlTemplate\":\"https:\/\/poterie-savoyarde.com\/?s={search_term_string}\"},\"query-input\":{\"@type\":\"PropertyValueSpecification\",\"valueRequired\":true,\"valueName\":\"search_term_string\"}}],\"inLanguage\":\"en-US\"},{\"@type\":\"Organization\",\"@id\":\"https:\/\/poterie-savoyarde.com\/#organization\",\"name\":\"LE TETRAS\",\"url\":\"https:\/\/poterie-savoyarde.com\/\",\"logo\":{\"@type\":\"ImageObject\",\"inLanguage\":\"en-US\",\"@id\":\"https:\/\/poterie-savoyarde.com\/#\/schema\/logo\/image\/\",\"url\":\"https:\/\/poterie-savoyarde.com\/wp-content\/uploads\/2020\/06\/tetras-mobile-200-1.png\",\"contentUrl\":\"https:\/\/poterie-savoyarde.com\/wp-content\/uploads\/2020\/06\/tetras-mobile-200-1.png\",\"width\":200,\"height\":156,\"caption\":\"LE TETRAS\"},\"image\":{\"@id\":\"https:\/\/poterie-savoyarde.com\/#\/schema\/logo\/image\/\"}}]}<\/script>\n<!-- \/ Yoast SEO plugin. -->","yoast_head_json":{"title":"Poterie Savoyarde - Le Tetras - Alpage","description":"D\u00e9couvrez la collection de poterie \"Alpage\" dans le magasin Le Tetras \u00e0 Annecy. Poteries aux formes, d\u00e9cors et couleurs traditionnellement savoyards donnerons de la joie, de l'\u00e9l\u00e9gance et de l'authenticit\u00e9 \u00e0 vos tables !","robots":{"index":"index","follow":"follow","max-snippet":"max-snippet:-1","max-image-preview":"max-image-preview:large","max-video-preview":"max-video-preview:-1"},"canonical":"https:\/\/poterie-savoyarde.com\/en\/alpage\/","og_locale":"en_US","og_type":"article","og_title":"Poterie Savoyarde - Le Tetras - Alpage","og_description":"D\u00e9couvrez la collection de poterie \"Alpage\" dans le magasin Le Tetras \u00e0 Annecy. Poteries aux formes, d\u00e9cors et couleurs traditionnellement savoyards donnerons de la joie, de l'\u00e9l\u00e9gance et de l'authenticit\u00e9 \u00e0 vos tables !","og_url":"https:\/\/poterie-savoyarde.com\/en\/alpage\/","og_site_name":"Le Tetras","article_modified_time":"2020-07-01T12:25:09+00:00","twitter_card":"summary_large_image","twitter_misc":{"Est. reading time":"2 minutes"},"schema":{"@context":"https:\/\/schema.org","@graph":[{"@type":"WebPage","@id":"https:\/\/poterie-savoyarde.com\/en\/alpage\/","url":"https:\/\/poterie-savoyarde.com\/en\/alpage\/","name":"Poterie Savoyarde - Le Tetras - Alpage","isPartOf":{"@id":"https:\/\/poterie-savoyarde.com\/#website"},"datePublished":"2020-06-22T12:14:17+00:00","dateModified":"2020-07-01T12:25:09+00:00","description":"D\u00e9couvrez la collection de poterie \"Alpage\" dans le magasin Le Tetras \u00e0 Annecy. Poteries aux formes, d\u00e9cors et couleurs traditionnellement savoyards donnerons de la joie, de l'\u00e9l\u00e9gance et de l'authenticit\u00e9 \u00e0 vos tables !","breadcrumb":{"@id":"https:\/\/poterie-savoyarde.com\/en\/alpage\/#breadcrumb"},"inLanguage":"en-US","potentialAction":[{"@type":"ReadAction","target":["https:\/\/poterie-savoyarde.com\/en\/alpage\/"]}]},{"@type":"BreadcrumbList","@id":"https:\/\/poterie-savoyarde.com\/en\/alpage\/#breadcrumb","itemListElement":[{"@type":"ListItem","position":1,"name":"Accueil","item":"https:\/\/poterie-savoyarde.com\/en\/"},{"@type":"ListItem","position":2,"name":"Alpage"}]},{"@type":"WebSite","@id":"https:\/\/poterie-savoyarde.com\/#website","url":"https:\/\/poterie-savoyarde.com\/","name":"Le Tetras","description":"Poterie Savoyarde \u00e0 Annecy","publisher":{"@id":"https:\/\/poterie-savoyarde.com\/#organization"},"potentialAction":[{"@type":"SearchAction","target":{"@type":"EntryPoint","urlTemplate":"https:\/\/poterie-savoyarde.com\/?s={search_term_string}"},"query-input":{"@type":"PropertyValueSpecification","valueRequired":true,"valueName":"search_term_string"}}],"inLanguage":"en-US"},{"@type":"Organization","@id":"https:\/\/poterie-savoyarde.com\/#organization","name":"LE TETRAS","url":"https:\/\/poterie-savoyarde.com\/","logo":{"@type":"ImageObject","inLanguage":"en-US","@id":"https:\/\/poterie-savoyarde.com\/#\/schema\/logo\/image\/","url":"https:\/\/poterie-savoyarde.com\/wp-content\/uploads\/2020\/06\/tetras-mobile-200-1.png","contentUrl":"https:\/\/poterie-savoyarde.com\/wp-content\/uploads\/2020\/06\/tetras-mobile-200-1.png","width":200,"height":156,"caption":"LE TETRAS"},"image":{"@id":"https:\/\/poterie-savoyarde.com\/#\/schema\/logo\/image\/"}}]}},"_links":{"self":[{"href":"https:\/\/poterie-savoyarde.com\/en\/wp-json\/wp\/v2\/pages\/4065","targetHints":{"allow":["GET"]}}],"collection":[{"href":"https:\/\/poterie-savoyarde.com\/en\/wp-json\/wp\/v2\/pages"}],"about":[{"href":"https:\/\/poterie-savoyarde.com\/en\/wp-json\/wp\/v2\/types\/page"}],"author":[{"embeddable":true,"href":"https:\/\/poterie-savoyarde.com\/en\/wp-json\/wp\/v2\/users\/1"}],"replies":[{"embeddable":true,"href":"https:\/\/poterie-savoyarde.com\/en\/wp-json\/wp\/v2\/comments?post=4065"}],"version-history":[{"count":0,"href":"https:\/\/poterie-savoyarde.com\/en\/wp-json\/wp\/v2\/pages\/4065\/revisions"}],"wp:attachment":[{"href":"https:\/\/poterie-savoyarde.com\/en\/wp-json\/wp\/v2\/media?parent=4065"}],"curies":[{"name":"wp","href":"https:\/\/api.w.org\/{rel}","templated":true}]}}