{"id":4062,"date":"2020-06-17T17:17:37","date_gmt":"2020-06-17T15:17:37","guid":{"rendered":"https:\/\/poterie-savoyarde.com\/bienvenue\/"},"modified":"2022-09-07T12:59:56","modified_gmt":"2022-09-07T10:59:56","slug":"bienvenue","status":"publish","type":"page","link":"https:\/\/poterie-savoyarde.com\/en\/","title":{"rendered":"HOME"},"content":{"rendered":"<section class=\"wpb-content-wrapper\"><p>[vc_row row_content_width=&#8221;grid&#8221; content_text_aligment=&#8221;center&#8221; css=&#8221;.vc_custom_1592408117246{padding-top: 120px !important;}&#8221;][vc_column]<div class=\"eltdf-section-title-holder  \" >\n\t<div class=\"eltdf-st-inner\">\n\t\t\t\t\t<h2 class=\"eltdf-st-title\" >\n\t\t\t\tYOUR <span class=\"eltdf-st-title-bold\">POTTERY<\/span> <span class=\"eltdf-st-title-bold\">SHOP<\/span> <span class=\"eltdf-st-title-bold\">IN<\/span> THE HEART OF ANNECY\t\t\t<\/h2>\n\t\t\t\t\t<\/div>\n<\/div><div class=\"eltdf-separator-holder clearfix  eltdf-separator-center \" style=\"margin-top: 13px;margin-bottom: 22px\">\n\t\t<div class=\"eltdf-separator\" ><\/div>\n\t\t\t<span class=\"eltdf-separator-icon\" >\n\t\t\t<img loading=\"lazy\" decoding=\"async\" width=\"189\" height=\"24\" src=\"https:\/\/poterie-savoyarde.com\/wp-content\/uploads\/2020\/06\/logo-separateur-hs.png\" class=\"attachment-full size-full\" alt=\"logo tetras annecy haute savoie poterie\" \/>\t\t<\/span>\n\t\t\t\t\t<div class=\"eltdf-separator\" ><\/div>\n\t\t\t<\/div>\n[vc_column_text]<\/p>\n<h6 dir=\"ltr\" data-placeholder=\"Traduction\">In a pedestrian street of the historic center, between the lake and canals of the old town.<\/h6>\n<p>[\/vc_column_text][\/vc_column][\/vc_row][vc_row row_content_width=&#8221;grid&#8221; css=&#8221;.vc_custom_1524131501110{padding-top: 73px !important;padding-bottom: 49px !important;}&#8221;][vc_column width=&#8221;1\/2&#8243; offset=&#8221;vc_col-lg-offset-0 vc_col-lg-3 vc_col-md-offset-1 vc_col-md-5 vc_col-sm-offset-0 vc_col-xs-12&#8243; css=&#8221;.vc_custom_1524131190222{padding-right: 40px !important;padding-bottom: 74px !important;padding-left: 40px !important;}&#8221;]<div class=\"eltdf-iwt clearfix  eltdf-iwt-icon-top eltdf-iwt-icon-medium \">\n\t<div class=\"eltdf-iwt-icon\">\n\t\t\t\t\t<a itemprop=\"url\" href=\"https:\/\/poterie-savoyarde.com\/contact\/\" target=\"_self\">\n\t\t\t\t\t\t\t\t\t<span class=\"eltdf-iwt-custom-icon\">\n\t\t\t\t\t<img loading=\"lazy\" decoding=\"async\" width=\"141\" height=\"150\" src=\"https:\/\/poterie-savoyarde.com\/wp-content\/uploads\/2020\/06\/coeur-01-e1592551762918.png\" class=\"attachment-full size-full\" alt=\"coeur poterie fait main tetras annecy savoie\" \/>\t\t\t\t\t\t\t\t\t<\/span>\n\t\t\t\t\t\t\t\t<\/a>\n\t\t\t<\/div>\n\t<div class=\"eltdf-iwt-content\" >\n\t\t\t\t\t<h5 class=\"eltdf-iwt-title\" style=\"margin-top: -7px\">\n\t\t\t\t\t\t\t\t\t<a itemprop=\"url\" href=\"https:\/\/poterie-savoyarde.com\/contact\/\" target=\"_self\">\n\t\t\t\t\t\t\t\t<span class=\"eltdf-iwt-title-text\">A SHOP IN THE OLD TOWN OF ANNECY<\/span>\n\t\t\t\t\t\t\t\t\t<\/a>\n\t\t\t\t\t\t\t<\/h5>\n\t\t\t\t\t\t\t<p class=\"eltdf-iwt-text\" >You will find a decor and a warm Savoyard welcome and dishes of all shapes and colors that go to the oven!<\/p>\n\t\t\t<\/div>\n<\/div>[\/vc_column][vc_column width=&#8221;1\/2&#8243; offset=&#8221;vc_col-lg-offset-0 vc_col-lg-3 vc_col-md-offset-0 vc_col-md-5 vc_col-sm-offset-0 vc_col-xs-12&#8243; css=&#8221;.vc_custom_1524131161164{padding-right: 45px !important;padding-bottom: 74px !important;padding-left: 32px !important;}&#8221;]<div class=\"eltdf-iwt clearfix  eltdf-iwt-icon-top eltdf-iwt-icon-medium \">\n\t<div class=\"eltdf-iwt-icon\">\n\t\t\t\t\t<a itemprop=\"url\" href=\"https:\/\/poterie-savoyarde.com\/contact\/\" target=\"_self\">\n\t\t\t\t\t\t\t\t\t<span class=\"eltdf-iwt-custom-icon\">\n\t\t\t\t\t<img loading=\"lazy\" decoding=\"async\" width=\"156\" height=\"150\" src=\"https:\/\/poterie-savoyarde.com\/wp-content\/uploads\/2020\/06\/coeur-02.png\" class=\"attachment-full size-full\" alt=\"coeur poterie fait main tetras annecy savoie\" \/>\t\t\t\t\t\t\t\t\t<\/span>\n\t\t\t\t\t\t\t\t<\/a>\n\t\t\t<\/div>\n\t<div class=\"eltdf-iwt-content\" >\n\t\t\t\t\t<h5 class=\"eltdf-iwt-title\" style=\"margin-top: -7px\">\n\t\t\t\t\t\t\t\t\t<a itemprop=\"url\" href=\"https:\/\/poterie-savoyarde.com\/contact\/\" target=\"_self\">\n\t\t\t\t\t\t\t\t<span class=\"eltdf-iwt-title-text\">A UNIQUE SELECTION OF POTTERS<\/span>\n\t\t\t\t\t\t\t\t\t<\/a>\n\t\t\t\t\t\t\t<\/h5>\n\t\t\t\t\t\t\t<p class=\"eltdf-iwt-text\" >We are regularly looking for the best regional potters, if you are one of them, make yourself known!<\/p>\n\t\t\t<\/div>\n<\/div>[\/vc_column][vc_column width=&#8221;1\/2&#8243; offset=&#8221;vc_col-lg-offset-0 vc_col-lg-3 vc_col-md-offset-1 vc_col-md-5 vc_col-sm-offset-0 vc_col-xs-12&#8243; css=&#8221;.vc_custom_1524131233392{padding-right: 45px !important;padding-bottom: 74px !important;padding-left: 32px !important;}&#8221;]<div class=\"eltdf-iwt clearfix  eltdf-iwt-icon-top eltdf-iwt-icon-medium \">\n\t<div class=\"eltdf-iwt-icon\">\n\t\t\t\t\t<a itemprop=\"url\" href=\"https:\/\/poterie-savoyarde.com\/contact\/\" target=\"_self\">\n\t\t\t\t\t\t\t\t\t<span class=\"eltdf-iwt-custom-icon\">\n\t\t\t\t\t<img loading=\"lazy\" decoding=\"async\" width=\"150\" height=\"153\" src=\"https:\/\/poterie-savoyarde.com\/wp-content\/uploads\/2020\/06\/coeur-03.png\" class=\"attachment-full size-full\" alt=\"coeur poterie fait main tetras annecy savoie\" \/>\t\t\t\t\t\t\t\t\t<\/span>\n\t\t\t\t\t\t\t\t<\/a>\n\t\t\t<\/div>\n\t<div class=\"eltdf-iwt-content\" >\n\t\t\t\t\t<h5 class=\"eltdf-iwt-title\" style=\"margin-top: -7px\">\n\t\t\t\t\t\t\t\t\t<a itemprop=\"url\" href=\"https:\/\/poterie-savoyarde.com\/contact\/\" target=\"_self\">\n\t\t\t\t\t\t\t\t<span class=\"eltdf-iwt-title-text\">Sorry, we are not sending!<\/span>\n\t\t\t\t\t\t\t\t\t<\/a>\n\t\t\t\t\t\t\t<\/h5>\n\t\t\t\t\t\t\t<p class=\"eltdf-iwt-text\" >Fine pottery is worth it! Because of the obvious risk of damage in transport, Le Tetras does not sell online.<\/p>\n\t\t\t<\/div>\n<\/div>[\/vc_column][vc_column width=&#8221;1\/2&#8243; offset=&#8221;vc_col-lg-offset-0 vc_col-lg-3 vc_col-md-offset-0 vc_col-md-5 vc_col-sm-offset-0 vc_col-xs-12&#8243; css=&#8221;.vc_custom_1524131339198{padding-right: 40px !important;padding-bottom: 74px !important;padding-left: 40px !important;}&#8221;]<div class=\"eltdf-iwt clearfix  eltdf-iwt-icon-top eltdf-iwt-icon-medium \">\n\t<div class=\"eltdf-iwt-icon\">\n\t\t\t\t\t<a itemprop=\"url\" href=\"https:\/\/poterie-savoyarde.com\/contact\/\" target=\"_self\">\n\t\t\t\t\t\t\t\t\t<span class=\"eltdf-iwt-custom-icon\">\n\t\t\t\t\t<img loading=\"lazy\" decoding=\"async\" width=\"149\" height=\"150\" src=\"https:\/\/poterie-savoyarde.com\/wp-content\/uploads\/2020\/06\/coeur-04.png\" class=\"attachment-full size-full\" alt=\"coeur poterie fait main tetras annecy savoie\" \/>\t\t\t\t\t\t\t\t\t<\/span>\n\t\t\t\t\t\t\t\t<\/a>\n\t\t\t<\/div>\n\t<div class=\"eltdf-iwt-content\" >\n\t\t\t\t\t<h5 class=\"eltdf-iwt-title\" style=\"margin-top: -7px\">\n\t\t\t\t\t\t\t\t\t<a itemprop=\"url\" href=\"https:\/\/poterie-savoyarde.com\/contact\/\" target=\"_self\">\n\t\t\t\t\t\t\t\t<span class=\"eltdf-iwt-title-text\">A QUESTION? CONTACT US !<\/span>\n\t\t\t\t\t\t\t\t\t<\/a>\n\t\t\t\t\t\t\t<\/h5>\n\t\t\t\t\t\t\t<p class=\"eltdf-iwt-text\" >Natacha &amp; Pico are happy to inform you from Wednesday to Saturday from 10 to 19h to +33 4 50 23 27 45 or more simply by email!<\/p>\n\t\t\t<\/div>\n<\/div>[\/vc_column][\/vc_row][vc_row disable_background_image=&#8221;&#8221; content_text_aligment=&#8221;center&#8221; css=&#8221;.vc_custom_1592578267407{padding-top: 85px !important;padding-bottom: 70px !important;}&#8221; simple_background_image=&#8221;3381&#8243;][vc_column][vc_empty_space]<div class=\"eltdf-section-title-holder  \" >\n\t<div class=\"eltdf-st-inner\">\n\t\t\t\t\t<h2 class=\"eltdf-st-title\" >\n\t\t\t\tPOTTERIES FOR EVERYDAY LIFE!\t\t\t<\/h2>\n\t\t\t\t\t<\/div>\n<\/div><div class=\"eltdf-separator-holder clearfix  eltdf-separator-center \" style=\"margin-top: 13px;margin-bottom: 22px\">\n\t\t<div class=\"eltdf-separator\" ><\/div>\n\t\t\t<span class=\"eltdf-separator-icon\" >\n\t\t\t<img loading=\"lazy\" decoding=\"async\" width=\"189\" height=\"24\" src=\"https:\/\/poterie-savoyarde.com\/wp-content\/uploads\/2020\/06\/logo-separateur-hs.png\" class=\"attachment-full size-full\" alt=\"logo tetras annecy haute savoie poterie\" \/>\t\t<\/span>\n\t\t\t\t\t<div class=\"eltdf-separator\" ><\/div>\n\t\t\t<\/div>\n[vc_column_text css=&#8221;.vc_custom_1593509511297{padding-right: 50px !important;padding-left: 50px !important;}&#8221;]<\/p>\n<h6>Bowls, mugs, salad bowls and gratin dishes that are not afraid to go into ovens and microwaves, all combinations of patterns and colors are imaginable with Savoy potteries and will give personality to your interior at the time of breakfast, tea or dinner\u2026<\/h6>\n<p>[\/vc_column_text][vc_row_inner row_content_width=&#8221;grid&#8221; css=&#8221;.vc_custom_1592467806408{padding-top: 73px !important;padding-bottom: 49px !important;}&#8221;][vc_column_inner width=&#8221;1\/3&#8243;]<div class=\"eltdf-iwt clearfix  eltdf-iwt-icon-top eltdf-iwt-icon-large \">\n\t<div class=\"eltdf-iwt-icon\">\n\t\t\t\t\t<a itemprop=\"url\" href=\"https:\/\/poterie-savoyarde.com\/en\/champetre\/\" target=\"_self\">\n\t\t\t\t\t\t\t\t\t<span class=\"eltdf-iwt-custom-icon\">\n\t\t\t\t\t<img loading=\"lazy\" decoding=\"async\" width=\"347\" height=\"280\" src=\"https:\/\/poterie-savoyarde.com\/wp-content\/uploads\/2020\/06\/pichet-savoyard-fleur-e1593687191902.jpg\" class=\"attachment-full size-full\" alt=\"pichet a fleur savoyard\" \/>\t\t\t\t\t\t\t\t\t<\/span>\n\t\t\t\t\t\t\t\t<\/a>\n\t\t\t<\/div>\n\t<div class=\"eltdf-iwt-content\" >\n\t\t\t\t\t<\/div>\n<\/div>[\/vc_column_inner][vc_column_inner width=&#8221;1\/3&#8243;]<div class=\"eltdf-iwt clearfix  eltdf-iwt-icon-top eltdf-iwt-icon-large \">\n\t<div class=\"eltdf-iwt-icon\">\n\t\t\t\t\t<a itemprop=\"url\" href=\"https:\/\/poterie-savoyarde.com\/en\/marmiton\/\" target=\"_self\">\n\t\t\t\t\t\t\t\t\t<span class=\"eltdf-iwt-custom-icon\">\n\t\t\t\t\t<img loading=\"lazy\" decoding=\"async\" width=\"347\" height=\"280\" src=\"https:\/\/poterie-savoyarde.com\/wp-content\/uploads\/2020\/06\/plat-gratin-1-e1593687164498.jpg\" class=\"attachment-full size-full\" alt=\"plats a gratin poterie anncey savoie tetras\" \/>\t\t\t\t\t\t\t\t\t<\/span>\n\t\t\t\t\t\t\t\t<\/a>\n\t\t\t<\/div>\n\t<div class=\"eltdf-iwt-content\" >\n\t\t\t\t\t<\/div>\n<\/div>[\/vc_column_inner][vc_column_inner width=&#8221;1\/3&#8243;]<div class=\"eltdf-iwt clearfix  eltdf-iwt-icon-top eltdf-iwt-icon-large \">\n\t<div class=\"eltdf-iwt-icon\">\n\t\t\t\t\t<a itemprop=\"url\" href=\"https:\/\/poterie-savoyarde.com\/en\/montagnard\/\" target=\"_self\">\n\t\t\t\t\t\t\t\t\t<span class=\"eltdf-iwt-custom-icon\">\n\t\t\t\t\t<img loading=\"lazy\" decoding=\"async\" width=\"347\" height=\"280\" src=\"https:\/\/poterie-savoyarde.com\/wp-content\/uploads\/2020\/06\/poelon-a-fondue-e1593687131555.jpg\" class=\"attachment-full size-full\" alt=\"poelon a fondue savoie poterie tetras\" \/>\t\t\t\t\t\t\t\t\t<\/span>\n\t\t\t\t\t\t\t\t<\/a>\n\t\t\t<\/div>\n\t<div class=\"eltdf-iwt-content\" >\n\t\t\t\t\t<\/div>\n<\/div>[\/vc_column_inner][\/vc_row_inner][\/vc_column][\/vc_row][vc_row content_placement=&#8221;middle&#8221; disable_background_image=&#8221;&#8221; content_text_aligment=&#8221;center&#8221; simple_background_image=&#8221;900&#8243;][vc_column css=&#8221;.vc_custom_1592564789353{padding-top: 140px !important;padding-bottom: 140px !important;background-image: url(https:\/\/poterie-savoyarde.com\/wp-content\/uploads\/2020\/06\/magasin-annecy.jpg?id=3519) !important;}&#8221; offset=&#8221;vc_col-lg-offset-0 vc_col-lg-6 vc_col-md-offset-0 vc_col-md-12 vc_col-sm-offset-0 vc_col-xs-12&#8243;][vc_single_image image=&#8221;3348&#8243; img_size=&#8221;full&#8221; alignment=&#8221;center&#8221;][\/vc_column][vc_column css=&#8221;.vc_custom_1592561413420{padding-top: 150px !important;padding-bottom: 150px !important;background-image: url(https:\/\/poterie-savoyarde.com\/wp-content\/uploads\/2020\/06\/horaires-ouverture-1000&#215;690-1.jpg?id=3551) !important;background-position: center !important;background-repeat: no-repeat !important;background-size: cover !important;}&#8221; offset=&#8221;vc_col-lg-offset-0 vc_col-lg-6 vc_col-md-offset-0 vc_col-md-12 vc_col-sm-offset-0 vc_col-xs-12&#8243;]<div class=\"eltdf-section-title-holder  \" >\n\t<div class=\"eltdf-st-inner\">\n\t\t\t\t\t<h3 class=\"eltdf-st-title\" style=\"color: #ffffff\">\n\t\t\t\tWE ARE OPEN<br \/>\t\t\t<\/h3>\n\t\t\t\t\t<\/div>\n<\/div><div class=\"eltdf-elements-holder   eltdf-two-columns  eltdf-responsive-mode-680 \" ><div class=\"eltdf-eh-item   eltdf-horizontal-alignment-center  \"  data-item-class=\"eltdf-eh-custom-3916\" data-1366-1600=\"0 0 0 75px\" data-1024-1366=\"0 0 0 45px\" data-768-1024=\"0 0 0 130px\" data-680-768=\"0 0 0 100px\" data-680=\"0 0 13px 0\">\n\t<div class=\"eltdf-eh-item-inner\">\n\t\t<div class=\"eltdf-eh-item-content eltdf-eh-custom-3916\" style=\"padding: 0 0 0 95px\">\n\t\t\t[vc_column_text]<\/p>\n<h6 id=\"tw-target-text\" class=\"tw-data-text tw-text-large XcVN5d tw-ta\" dir=\"ltr\" data-placeholder=\"Traduction\"><span style=\"color: #ffffff;\"><span lang=\"en\">From Wednesday to Saturday<br \/>\n<\/span><span lang=\"en\">10 a.m. to 7 p.m.<\/span><\/span><\/h6>\n<p>[\/vc_column_text]\t\t<\/div>\n\t<\/div>\n<\/div><div class=\"eltdf-eh-item   eltdf-horizontal-alignment-center  \"  data-item-class=\"eltdf-eh-custom-2021\" data-1366-1600=\"0 25px 0 0\" data-1024-1366=\"0 15px 0 0\" data-768-1024=\"0 80px 0 0\" data-680-768=\"0 15px 0 0\" data-680=\"0 0\">\n\t<div class=\"eltdf-eh-item-inner\">\n\t\t<div class=\"eltdf-eh-item-content eltdf-eh-custom-2021\" style=\"padding: 0 95px 0 0\">\n\t\t\t[vc_column_text]<\/p>\n<h6><span style=\"color: #ffffff;\">+33 (0)4 50 23 27 45<\/span><br \/>\n<span style=\"color: #ffffff;\"><a href=\"mailto:letetras@poterie-savoyarde.com\">or by email<\/a><br \/>\n<\/span><\/h6>\n<p>[\/vc_column_text]\t\t<\/div>\n\t<\/div>\n<\/div><\/div>[\/vc_column][\/vc_row][vc_row row_content_width=&#8221;grid&#8221; content_text_aligment=&#8221;center&#8221; css=&#8221;.vc_custom_1592469681792{padding-top: 85px !important;padding-bottom: 70px !important;}&#8221;][vc_column]<div class=\"eltdf-section-title-holder  \" >\n\t<div class=\"eltdf-st-inner\">\n\t\t\t\t\t<h2 class=\"eltdf-st-title\" >\n\t\t\t\tDECO TREND ? FOLLOW US !\t\t\t<\/h2>\n\t\t\t\t\t<\/div>\n<\/div><div class=\"eltdf-separator-holder clearfix  eltdf-separator-center \" style=\"margin-top: 13px;margin-bottom: 22px\">\n\t\t<div class=\"eltdf-separator\" ><\/div>\n\t\t\t<span class=\"eltdf-separator-icon\" >\n\t\t\t<img loading=\"lazy\" decoding=\"async\" width=\"189\" height=\"24\" src=\"https:\/\/poterie-savoyarde.com\/wp-content\/uploads\/2020\/06\/logo-separateur-hs.png\" class=\"attachment-full size-full\" alt=\"logo tetras annecy haute savoie poterie\" \/>\t\t<\/span>\n\t\t\t\t\t<div class=\"eltdf-separator\" ><\/div>\n\t\t\t<\/div>\n[vc_column_text]<\/p>\n<h6><span id=\"s2_3\">Because the Savoyard spirit is not limited to the table arts. <a href=\"http:\/\/instagram.com\/poteriesavoyarde\"><strong>Follow us on Instagram.<\/strong><\/a><\/span><\/h6>\n<p>[\/vc_column_text][\/vc_column][\/vc_row][vc_row][vc_column][vc_raw_html]JTVCaW5zdGFncmFtLWZlZWQlNUQ=[\/vc_raw_html][\/vc_column][\/vc_row][vc_row row_content_width=&#8221;grid&#8221; disable_background_image=&#8221;&#8221; css=&#8221;.vc_custom_1592482952817{padding-top: 78px !important;padding-bottom: 78px !important;}&#8221; simple_background_image=&#8221;3381&#8243;][vc_column]<div class=\"eltdf-call-to-action-holder  eltdf-normal-layout eltdf-content-in-grid eltdf-three-quarters-columns\">\n\t<div class=\"eltdf-cta-inner eltdf-grid\">\n\t\t<div class=\"eltdf-cta-text-holder\">\n\t\t\t<div class=\"eltdf-cta-text\">\n<h5 style=\"text-align: center;\"><strong>AN ADVICE ? A QUESTION ?<\/strong> NOTHING EASIER, LEAVE US A MESSAGE 24 HOURS A DAY ON OUR FORM<\/h5>\n<\/div>\n\t\t<\/div>\n\t\t<div class=\"eltdf-cta-button-holder\" >\n\t\t\t<div class=\"eltdf-cta-button\"><a itemprop=\"url\" href=\"https:\/\/poterie-savoyarde.com\/en\/contact\/\" target=\"_self\" style=\"color: #ffffff;background-color: #be9c79\" class=\"eltdf-btn eltdf-btn-medium eltdf-btn-solid eltdf-btn-custom-hover-color eltdf-btn-dash\" data-hover-color=\"#ffffff\" >    <span class=\"eltdf-btn-text\">CONTACT US<\/span>\t<\/a><\/div>\n\t\t<\/div>\n\t<\/div>\n<\/div>[\/vc_column][\/vc_row]<\/p>\n<\/section>","protected":false},"excerpt":{"rendered":"<p>[vc_row row_content_width=&#8221;grid&#8221; content_text_aligment=&#8221;center&#8221; css=&#8221;.vc_custom_1592408117246{padding-top: 120px !important;}&#8221;][vc_column][vc_column_text] In a pedestrian street of the historic center, between the lake and canals of the old town. [\/vc_column_text][\/vc_column][\/vc_row][vc_row row_content_width=&#8221;grid&#8221; css=&#8221;.vc_custom_1524131501110{padding-top: 73px !important;padding-bottom: 49px !important;}&#8221;][vc_column width=&#8221;1\/2&#8243; offset=&#8221;vc_col-lg-offset-0 vc_col-lg-3 vc_col-md-offset-1 vc_col-md-5 vc_col-sm-offset-0 vc_col-xs-12&#8243; css=&#8221;.vc_custom_1524131190222{padding-right: 40px !important;padding-bottom: 74px !important;padding-left: 40px !important;}&#8221;][\/vc_column][vc_column width=&#8221;1\/2&#8243; offset=&#8221;vc_col-lg-offset-0 vc_col-lg-3 vc_col-md-offset-0 vc_col-md-5 vc_col-sm-offset-0 vc_col-xs-12&#8243; css=&#8221;.vc_custom_1524131161164{padding-right: 45px !important;padding-bottom: 74px !important;padding-left: 32px !important;}&#8221;][\/vc_column][vc_column width=&#8221;1\/2&#8243; offset=&#8221;vc_col-lg-offset-0 vc_col-lg-3 vc_col-md-offset-1 vc_col-md-5 vc_col-sm-offset-0 vc_col-xs-12&#8243; css=&#8221;.vc_custom_1524131233392{padding-right: 45px !important;padding-bottom: 74px !important;padding-left: 32px !important;}&#8221;][\/vc_column][vc_column [&hellip;]<\/p>\n","protected":false},"author":1,"featured_media":0,"parent":0,"menu_order":0,"comment_status":"closed","ping_status":"closed","template":"full-width.php","meta":{"footnotes":""},"class_list":["post-4062","page","type-page","status-publish","hentry"],"yoast_head":"<!-- This site is optimized with the Yoast SEO plugin v26.9 - https:\/\/yoast.com\/product\/yoast-seo-wordpress\/ -->\n<title>Poterie Savoyarde - Bienvenue en Haute-Savoie<\/title>\n<meta name=\"description\" content=\"Le T\u00e9tras, magasin de poteries tradionnelles savoyarde au coeur de la vieille ville d&#039;Annecy. Venez d\u00e9couvrir les diff\u00e9rentes poteries d&#039;une dixaine d&#039;artisants-potiers de Savoie.\" \/>\n<meta name=\"robots\" content=\"index, follow, max-snippet:-1, max-image-preview:large, max-video-preview:-1\" \/>\n<link rel=\"canonical\" href=\"https:\/\/poterie-savoyarde.com\/en\/\" \/>\n<meta property=\"og:locale\" content=\"en_US\" \/>\n<meta property=\"og:type\" content=\"article\" \/>\n<meta property=\"og:title\" content=\"Poterie Savoyarde - Bienvenue en Haute-Savoie\" \/>\n<meta property=\"og:description\" content=\"Le T\u00e9tras, magasin de poteries tradionnelles savoyarde au coeur de la vieille ville d&#039;Annecy. Venez d\u00e9couvrir les diff\u00e9rentes poteries d&#039;une dixaine d&#039;artisants-potiers de Savoie.\" \/>\n<meta property=\"og:url\" content=\"https:\/\/poterie-savoyarde.com\/en\/\" \/>\n<meta property=\"og:site_name\" content=\"Le Tetras\" \/>\n<meta property=\"article:modified_time\" content=\"2022-09-07T10:59:56+00:00\" \/>\n<meta name=\"twitter:card\" content=\"summary_large_image\" \/>\n<meta name=\"twitter:label1\" content=\"Est. reading time\" \/>\n\t<meta name=\"twitter:data1\" content=\"3 minutes\" \/>\n<script type=\"application\/ld+json\" class=\"yoast-schema-graph\">{\"@context\":\"https:\/\/schema.org\",\"@graph\":[{\"@type\":\"WebPage\",\"@id\":\"https:\/\/poterie-savoyarde.com\/en\/\",\"url\":\"https:\/\/poterie-savoyarde.com\/en\/\",\"name\":\"Poterie Savoyarde - Bienvenue en Haute-Savoie\",\"isPartOf\":{\"@id\":\"https:\/\/poterie-savoyarde.com\/#website\"},\"datePublished\":\"2020-06-17T15:17:37+00:00\",\"dateModified\":\"2022-09-07T10:59:56+00:00\",\"description\":\"Le T\u00e9tras, magasin de poteries tradionnelles savoyarde au coeur de la vieille ville d'Annecy. Venez d\u00e9couvrir les diff\u00e9rentes poteries d'une dixaine d'artisants-potiers de Savoie.\",\"breadcrumb\":{\"@id\":\"https:\/\/poterie-savoyarde.com\/en\/#breadcrumb\"},\"inLanguage\":\"en-US\",\"potentialAction\":[{\"@type\":\"ReadAction\",\"target\":[\"https:\/\/poterie-savoyarde.com\/en\/\"]}]},{\"@type\":\"BreadcrumbList\",\"@id\":\"https:\/\/poterie-savoyarde.com\/en\/#breadcrumb\",\"itemListElement\":[{\"@type\":\"ListItem\",\"position\":1,\"name\":\"Accueil\",\"item\":\"https:\/\/poterie-savoyarde.com\/en\/\"},{\"@type\":\"ListItem\",\"position\":2,\"name\":\"HOME\"}]},{\"@type\":\"WebSite\",\"@id\":\"https:\/\/poterie-savoyarde.com\/#website\",\"url\":\"https:\/\/poterie-savoyarde.com\/\",\"name\":\"Le Tetras\",\"description\":\"Poterie Savoyarde \u00e0 Annecy\",\"publisher\":{\"@id\":\"https:\/\/poterie-savoyarde.com\/#organization\"},\"potentialAction\":[{\"@type\":\"SearchAction\",\"target\":{\"@type\":\"EntryPoint\",\"urlTemplate\":\"https:\/\/poterie-savoyarde.com\/?s={search_term_string}\"},\"query-input\":{\"@type\":\"PropertyValueSpecification\",\"valueRequired\":true,\"valueName\":\"search_term_string\"}}],\"inLanguage\":\"en-US\"},{\"@type\":\"Organization\",\"@id\":\"https:\/\/poterie-savoyarde.com\/#organization\",\"name\":\"LE TETRAS\",\"url\":\"https:\/\/poterie-savoyarde.com\/\",\"logo\":{\"@type\":\"ImageObject\",\"inLanguage\":\"en-US\",\"@id\":\"https:\/\/poterie-savoyarde.com\/#\/schema\/logo\/image\/\",\"url\":\"https:\/\/poterie-savoyarde.com\/wp-content\/uploads\/2020\/06\/tetras-mobile-200-1.png\",\"contentUrl\":\"https:\/\/poterie-savoyarde.com\/wp-content\/uploads\/2020\/06\/tetras-mobile-200-1.png\",\"width\":200,\"height\":156,\"caption\":\"LE TETRAS\"},\"image\":{\"@id\":\"https:\/\/poterie-savoyarde.com\/#\/schema\/logo\/image\/\"}}]}<\/script>\n<!-- \/ Yoast SEO plugin. -->","yoast_head_json":{"title":"Poterie Savoyarde - Bienvenue en Haute-Savoie","description":"Le T\u00e9tras, magasin de poteries tradionnelles savoyarde au coeur de la vieille ville d'Annecy. Venez d\u00e9couvrir les diff\u00e9rentes poteries d'une dixaine d'artisants-potiers de Savoie.","robots":{"index":"index","follow":"follow","max-snippet":"max-snippet:-1","max-image-preview":"max-image-preview:large","max-video-preview":"max-video-preview:-1"},"canonical":"https:\/\/poterie-savoyarde.com\/en\/","og_locale":"en_US","og_type":"article","og_title":"Poterie Savoyarde - Bienvenue en Haute-Savoie","og_description":"Le T\u00e9tras, magasin de poteries tradionnelles savoyarde au coeur de la vieille ville d'Annecy. Venez d\u00e9couvrir les diff\u00e9rentes poteries d'une dixaine d'artisants-potiers de Savoie.","og_url":"https:\/\/poterie-savoyarde.com\/en\/","og_site_name":"Le Tetras","article_modified_time":"2022-09-07T10:59:56+00:00","twitter_card":"summary_large_image","twitter_misc":{"Est. reading time":"3 minutes"},"schema":{"@context":"https:\/\/schema.org","@graph":[{"@type":"WebPage","@id":"https:\/\/poterie-savoyarde.com\/en\/","url":"https:\/\/poterie-savoyarde.com\/en\/","name":"Poterie Savoyarde - Bienvenue en Haute-Savoie","isPartOf":{"@id":"https:\/\/poterie-savoyarde.com\/#website"},"datePublished":"2020-06-17T15:17:37+00:00","dateModified":"2022-09-07T10:59:56+00:00","description":"Le T\u00e9tras, magasin de poteries tradionnelles savoyarde au coeur de la vieille ville d'Annecy. Venez d\u00e9couvrir les diff\u00e9rentes poteries d'une dixaine d'artisants-potiers de Savoie.","breadcrumb":{"@id":"https:\/\/poterie-savoyarde.com\/en\/#breadcrumb"},"inLanguage":"en-US","potentialAction":[{"@type":"ReadAction","target":["https:\/\/poterie-savoyarde.com\/en\/"]}]},{"@type":"BreadcrumbList","@id":"https:\/\/poterie-savoyarde.com\/en\/#breadcrumb","itemListElement":[{"@type":"ListItem","position":1,"name":"Accueil","item":"https:\/\/poterie-savoyarde.com\/en\/"},{"@type":"ListItem","position":2,"name":"HOME"}]},{"@type":"WebSite","@id":"https:\/\/poterie-savoyarde.com\/#website","url":"https:\/\/poterie-savoyarde.com\/","name":"Le Tetras","description":"Poterie Savoyarde \u00e0 Annecy","publisher":{"@id":"https:\/\/poterie-savoyarde.com\/#organization"},"potentialAction":[{"@type":"SearchAction","target":{"@type":"EntryPoint","urlTemplate":"https:\/\/poterie-savoyarde.com\/?s={search_term_string}"},"query-input":{"@type":"PropertyValueSpecification","valueRequired":true,"valueName":"search_term_string"}}],"inLanguage":"en-US"},{"@type":"Organization","@id":"https:\/\/poterie-savoyarde.com\/#organization","name":"LE TETRAS","url":"https:\/\/poterie-savoyarde.com\/","logo":{"@type":"ImageObject","inLanguage":"en-US","@id":"https:\/\/poterie-savoyarde.com\/#\/schema\/logo\/image\/","url":"https:\/\/poterie-savoyarde.com\/wp-content\/uploads\/2020\/06\/tetras-mobile-200-1.png","contentUrl":"https:\/\/poterie-savoyarde.com\/wp-content\/uploads\/2020\/06\/tetras-mobile-200-1.png","width":200,"height":156,"caption":"LE TETRAS"},"image":{"@id":"https:\/\/poterie-savoyarde.com\/#\/schema\/logo\/image\/"}}]}},"_links":{"self":[{"href":"https:\/\/poterie-savoyarde.com\/en\/wp-json\/wp\/v2\/pages\/4062","targetHints":{"allow":["GET"]}}],"collection":[{"href":"https:\/\/poterie-savoyarde.com\/en\/wp-json\/wp\/v2\/pages"}],"about":[{"href":"https:\/\/poterie-savoyarde.com\/en\/wp-json\/wp\/v2\/types\/page"}],"author":[{"embeddable":true,"href":"https:\/\/poterie-savoyarde.com\/en\/wp-json\/wp\/v2\/users\/1"}],"replies":[{"embeddable":true,"href":"https:\/\/poterie-savoyarde.com\/en\/wp-json\/wp\/v2\/comments?post=4062"}],"version-history":[{"count":0,"href":"https:\/\/poterie-savoyarde.com\/en\/wp-json\/wp\/v2\/pages\/4062\/revisions"}],"wp:attachment":[{"href":"https:\/\/poterie-savoyarde.com\/en\/wp-json\/wp\/v2\/media?parent=4062"}],"curies":[{"name":"wp","href":"https:\/\/api.w.org\/{rel}","templated":true}]}}